{"id":56,"date":"2010-03-05T04:03:40","date_gmt":"2010-03-05T11:03:40","guid":{"rendered":"http:\/\/www.ecoven.info\/?page_id=56"},"modified":"2020-05-27T19:00:10","modified_gmt":"2020-05-27T19:00:10","slug":"seguros-2","status":"publish","type":"page","link":"https:\/\/ecoven.info\/se\/servicios\/seguros-2\/","title":{"rendered":"F\u00f6rs\u00e4kringar"},"content":{"rendered":"<p><strong>Ecoven Ekonomister<\/strong><\/p>\n<p>Vi \u00e4r en exklusiv agent av Zurich F\u00f6rs\u00e4kringar<br \/>\n<a href=\"http:\/\/www.ecoven.info\/wp-content\/uploads\/2009\/11\/Logo_ZURICHrgb4.jpg\"><img loading=\"lazy\" decoding=\"async\" class=\"alignright size-medium wp-image-126\" title=\"Logo_ZURICHrgb\" src=\"http:\/\/www.ecoven.info\/wp-content\/uploads\/2009\/11\/Logo_ZURICHrgb4-300x183.jpg\" alt=\"\" width=\"249\" height=\"138\" \/><\/a>seguros <span style=\"color: #003366;\"><strong><span style=\"color: #000080;\">ZURICH<\/span><\/strong><\/span>.<\/p>\n<p style=\"text-align: justify;\">Vi erbjuder v\u00e5ra kunder ett komplett utbud av produkter och tj\u00e4nster f\u00f6r att f\u00f6rebygga och tacka risker och l\u00f6sa deras personliga och familj\u00e4ra besparingar och prognos behov.<\/p>\n<p style=\"text-align: justify;\">H\u00f6g kvalitet i kundservice. Vi s\u00f6ker kvalitet, b\u00e5de av etiska sk\u00e4l och av \u00f6vertygelsen om att en bra service \u00e4r det mest effektiva s\u00e4ttet att uppn\u00e5 kundlojalitet.<\/p>\n<p style=\"text-align: justify;\"><span style=\"color: #003366;\"><strong>F\u00f8rs\u00e6kringar<br \/>\n<\/strong><\/span>Oavsett omst\u00e4ndigheter, vare sig det \u00e4r sm\u00e5 olyckor eller stora skador, erbjuder Zurich dig ett brett utbud av l\u00f6sningar f\u00f6r att f\u00f6rhindra of\u00f6rutsedda h\u00e4ndelser som kan uppst\u00e5.<\/p>\n<p style=\"text-align: justify;\">\nEnligt konsumenterna ar Zurich det b\u00e4sta spanska f\u00f6retag inom hemf\u00f6rs\u00e4kring.<\/p>\n<p><\/p>","protected":false},"excerpt":{"rendered":"<p>Ecoven Ekonomister Vi \u00e4r en exklusiv agent av Zurich F\u00f6rs\u00e4kringar seguros ZURICH. Vi erbjuder v\u00e5ra kunder ett komplett utbud av produkter och tj\u00e4nster f\u00f6r att f\u00f6rebygga och tacka risker och l\u00f6sa deras personliga och familj\u00e4ra besparingar och prognos behov. H\u00f6g kvalitet i kundservice. Vi s\u00f6ker kvalitet, b\u00e5de av etiska sk\u00e4l och av \u00f6vertygelsen om att [&hellip;]<\/p>\n","protected":false},"author":2,"featured_media":0,"parent":7,"menu_order":6,"comment_status":"closed","ping_status":"open","template":"","meta":{"footnotes":""},"aioseo_notices":[],"_links":{"self":[{"href":"https:\/\/ecoven.info\/se\/wp-json\/wp\/v2\/pages\/56"}],"collection":[{"href":"https:\/\/ecoven.info\/se\/wp-json\/wp\/v2\/pages"}],"about":[{"href":"https:\/\/ecoven.info\/se\/wp-json\/wp\/v2\/types\/page"}],"author":[{"embeddable":true,"href":"https:\/\/ecoven.info\/se\/wp-json\/wp\/v2\/users\/2"}],"replies":[{"embeddable":true,"href":"https:\/\/ecoven.info\/se\/wp-json\/wp\/v2\/comments?post=56"}],"version-history":[{"count":3,"href":"https:\/\/ecoven.info\/se\/wp-json\/wp\/v2\/pages\/56\/revisions"}],"predecessor-version":[{"id":730,"href":"https:\/\/ecoven.info\/se\/wp-json\/wp\/v2\/pages\/56\/revisions\/730"}],"up":[{"embeddable":true,"href":"https:\/\/ecoven.info\/se\/wp-json\/wp\/v2\/pages\/7"}],"wp:attachment":[{"href":"https:\/\/ecoven.info\/se\/wp-json\/wp\/v2\/media?parent=56"}],"curies":[{"name":"wp","href":"https:\/\/api.w.org\/{rel}","templated":true}]}}