{"id":30,"date":"2009-11-09T00:39:30","date_gmt":"2009-11-09T07:39:30","guid":{"rendered":"http:\/\/www.ecoven.info\/?page_id=30"},"modified":"2020-05-27T19:05:10","modified_gmt":"2020-05-27T19:05:10","slug":"contactar","status":"publish","type":"page","link":"https:\/\/ecoven.info\/se\/contactar\/","title":{"rendered":"Kontakt"},"content":{"rendered":"<p><small>Enligt best\u00e4mmelserna i organisk lag 15\/1999 av den 13 december om skydd av personuppgifter och verkligt dekret 1720\/2007 genom vilket dess f\u00f6rordningar godk\u00e4nns, informerar vi dig om att de uppgifter som l\u00e4mnas kan inkluderas i filerna for ECOVEN ECONOMISTAS Y ABOGADOS, SL. f\u00f6r att uppr\u00e4tth\u00e5lla kommunikation med dig.<\/small><\/p>\n<p><small>Du kan ut\u00f6va dina r\u00e4ttigheter till \u00e5tkomst, korrigera, avbryta och \/ eller mots\u00e4tta dig behandlingen av dina uppgifter genom att skicka din beg\u00e4ran, tillsammans med en kopia av ditt identitetsdokument, till adressen Jos\u00e9 Clavijo y Fajardo, 8, 35120, Arguinegu\u00edn, Mog\u00e1n, Las Palmas, Spanien<\/small><\/p>\n<p><small>Genom att skicka meddelandet samtycker du till att dina uppgifter behandlas med ECOVEN ECONOMISTAS Y ABOGADOS, S.L. f\u00f6r att uppr\u00e4tth\u00e5lla kommunikation med dig.<\/small><\/p>","protected":false},"excerpt":{"rendered":"<p>Enligt best\u00e4mmelserna i organisk lag 15\/1999 av den 13 december om skydd av personuppgifter och verkligt dekret 1720\/2007 genom vilket dess f\u00f6rordningar godk\u00e4nns, informerar vi dig om att de uppgifter som l\u00e4mnas kan inkluderas i filerna for ECOVEN ECONOMISTAS Y ABOGADOS, SL. f\u00f6r att uppr\u00e4tth\u00e5lla kommunikation med dig. Du kan ut\u00f6va dina r\u00e4ttigheter till \u00e5tkomst, [&hellip;]<\/p>\n","protected":false},"author":2,"featured_media":0,"parent":0,"menu_order":5,"comment_status":"closed","ping_status":"open","template":"contact.php","meta":{"footnotes":""},"aioseo_notices":[],"_links":{"self":[{"href":"https:\/\/ecoven.info\/se\/wp-json\/wp\/v2\/pages\/30"}],"collection":[{"href":"https:\/\/ecoven.info\/se\/wp-json\/wp\/v2\/pages"}],"about":[{"href":"https:\/\/ecoven.info\/se\/wp-json\/wp\/v2\/types\/page"}],"author":[{"embeddable":true,"href":"https:\/\/ecoven.info\/se\/wp-json\/wp\/v2\/users\/2"}],"replies":[{"embeddable":true,"href":"https:\/\/ecoven.info\/se\/wp-json\/wp\/v2\/comments?post=30"}],"version-history":[{"count":8,"href":"https:\/\/ecoven.info\/se\/wp-json\/wp\/v2\/pages\/30\/revisions"}],"predecessor-version":[{"id":732,"href":"https:\/\/ecoven.info\/se\/wp-json\/wp\/v2\/pages\/30\/revisions\/732"}],"wp:attachment":[{"href":"https:\/\/ecoven.info\/se\/wp-json\/wp\/v2\/media?parent=30"}],"curies":[{"name":"wp","href":"https:\/\/api.w.org\/{rel}","templated":true}]}}