{"id":12,"date":"2009-11-08T18:39:10","date_gmt":"2009-11-09T01:39:10","guid":{"rendered":"http:\/\/www.ecoven.info\/?page_id=12"},"modified":"2019-11-04T13:24:50","modified_gmt":"2019-11-04T13:24:50","slug":"asesoramiento-contable","status":"publish","type":"page","link":"https:\/\/ecoven.info\/se\/servicios\/asesoramiento-contable\/","title":{"rendered":"Redovisningsr\u00e5dgivning"},"content":{"rendered":"<p><\/p>\n<p style=\"text-align: justify;\">Vi utf\u00f6r aff\u00e4rs revisioner med juridisk och frivillig bas i m\u00e5nga olika sektorer. I v\u00e5rt fall inneb\u00e4r revisionen ocks\u00e5 en r\u00e5dgivningstj\u00e4nst. P\u00e5 det h\u00e4r s\u00e4ttet, med den erh\u00e5llna kunskapen, utvecklar vi ocks\u00e5 strategiska handlingsrekommendationer och f\u00f6rb\u00e4ttringsf\u00f6rslag. Den h\u00f6ga kvaliteten som k\u00e4nnetecknar v\u00e5ra granskningar och r\u00e5dgivningstj\u00e4nster beror p\u00e5 den specialiserade kunskap vi besitter, v\u00e5ra revisorers tillf\u00f6rlitlighet och deras omfattande erfarenhet. Certifieringen som beviljas av en extern kvalitetskontroll som f\u00f6reskrivs i lag bekr\u00e4ftar dessa v\u00e4rden.<\/p>\n<p style=\"text-align: justify;\"><strong>V\u00e5ra tj\u00e4nster<\/strong><\/p>\n<ul>\n<li>Juridiska och frivilliga revisioner av \u00e5rliga nedl\u00e4ggningar och koncernredovisningar f\u00f6r f\u00f6retag<\/li>\n<li>Kvalitetskontroller<\/li>\n<li>S\u00e4rskilda revisioner<\/li>\n<li>Kreditanalyser<\/li>\n<li>Granskningar i enlighet med regleringen av fastighetsm\u00e4klare och utvecklare<\/li>\n<li>Resursallokering Revisioner<\/li>\n<li>Granskningar av kapital\u00f6kningar och naturliga bidrag<br \/>\nkontroller<\/li>\n<li>Transformation och fusion revisioner<\/li>\n<li>Aff\u00e4rs V\u00e4rderingar<\/li>\n<\/ul>\n<p><\/p>","protected":false},"excerpt":{"rendered":"<p>Vi utf\u00f6r aff\u00e4rs revisioner med juridisk och frivillig bas i m\u00e5nga olika sektorer. I v\u00e5rt fall inneb\u00e4r revisionen ocks\u00e5 en r\u00e5dgivningstj\u00e4nst. P\u00e5 det h\u00e4r s\u00e4ttet, med den erh\u00e5llna kunskapen, utvecklar vi ocks\u00e5 strategiska handlingsrekommendationer och f\u00f6rb\u00e4ttringsf\u00f6rslag. Den h\u00f6ga kvaliteten som k\u00e4nnetecknar v\u00e5ra granskningar och r\u00e5dgivningstj\u00e4nster beror p\u00e5 den specialiserade kunskap vi besitter, v\u00e5ra revisorers tillf\u00f6rlitlighet [&hellip;]<\/p>\n","protected":false},"author":2,"featured_media":0,"parent":7,"menu_order":1,"comment_status":"closed","ping_status":"closed","template":"","meta":{"footnotes":""},"aioseo_notices":[],"_links":{"self":[{"href":"https:\/\/ecoven.info\/se\/wp-json\/wp\/v2\/pages\/12"}],"collection":[{"href":"https:\/\/ecoven.info\/se\/wp-json\/wp\/v2\/pages"}],"about":[{"href":"https:\/\/ecoven.info\/se\/wp-json\/wp\/v2\/types\/page"}],"author":[{"embeddable":true,"href":"https:\/\/ecoven.info\/se\/wp-json\/wp\/v2\/users\/2"}],"replies":[{"embeddable":true,"href":"https:\/\/ecoven.info\/se\/wp-json\/wp\/v2\/comments?post=12"}],"version-history":[{"count":4,"href":"https:\/\/ecoven.info\/se\/wp-json\/wp\/v2\/pages\/12\/revisions"}],"predecessor-version":[{"id":725,"href":"https:\/\/ecoven.info\/se\/wp-json\/wp\/v2\/pages\/12\/revisions\/725"}],"up":[{"embeddable":true,"href":"https:\/\/ecoven.info\/se\/wp-json\/wp\/v2\/pages\/7"}],"wp:attachment":[{"href":"https:\/\/ecoven.info\/se\/wp-json\/wp\/v2\/media?parent=12"}],"curies":[{"name":"wp","href":"https:\/\/api.w.org\/{rel}","templated":true}]}}