{"id":107,"date":"2009-11-08T18:34:02","date_gmt":"2009-11-09T01:34:02","guid":{"rendered":"http:\/\/www.ecoven.info\/?page_id=5"},"modified":"2019-11-04T13:32:47","modified_gmt":"2019-11-04T13:32:47","slug":"asesoramiento-tributario","status":"publish","type":"page","link":"https:\/\/ecoven.info\/se\/servicios\/asesoramiento-tributario\/","title":{"rendered":"Skatter\u00e5dgivning"},"content":{"rendered":"<p>Skattemilj\u00f6n \u00e4r i kontinuerlig omvandling, vilket kr\u00e4ver detaljerad planering och analys av applikationer och anpassningar. I detta avseende beaktar vi alla aktuella aspekter av skatter och ekonomi. Vi t\u00e4cker hela utbudet av r\u00e5dgivningstj\u00e4nster.<a href=\"http:\/\/www.ecoven.info\/wp-content\/uploads\/2009\/11\/estudio-fiscal.jpg\"><img loading=\"lazy\" decoding=\"async\" class=\"alignright size-medium wp-image-102\" title=\"estudio fiscal\" src=\"http:\/\/www.ecoven.info\/wp-content\/uploads\/2009\/11\/estudio-fiscal-300x148.jpg\" alt=\"\" width=\"264\" height=\"138\" \/><\/a><\/p>\n<p><strong>\u00a0<\/strong><\/p>\n<p><strong>V\u00e5ra tj\u00e4nster<\/strong><\/p>\n<ul>\n<li>Individuella skattedeklarationer<\/li>\n<li>F\u00f6retagets skattedeklarationer<\/li>\n<li>Balansanalys. Ekonomisk och finansiell analys<\/li>\n<li>R\u00e5d i fr\u00e5gor relaterade till fastighets\u00f6verf\u00f6ringsskatt och arv och donationsskatt<\/li>\n<li>Hantering av aff\u00e4rssekvenser och r\u00e5d vid start eller f\u00f6rs\u00e4ljning av f\u00f6retag<\/li>\n<li>Juridisk representation vid skattedomstolar<\/li>\n<li>Skattrevisionstj\u00e4nst f\u00f6r f\u00f6retag <\/li>\n<li>Studie f\u00f6r registrering av f\u00f6retag inom Kanarie\u00f6arnas specialzon <\/li>\n<\/ul>\n<p><\/p>","protected":false},"excerpt":{"rendered":"<p>Skattemilj\u00f6n \u00e4r i kontinuerlig omvandling, vilket kr\u00e4ver detaljerad planering och analys av applikationer och anpassningar. I detta avseende beaktar vi alla aktuella aspekter av skatter och ekonomi. Vi t\u00e4cker hela utbudet av r\u00e5dgivningstj\u00e4nster. \u00a0 V\u00e5ra tj\u00e4nster Individuella skattedeklarationer F\u00f6retagets skattedeklarationer Balansanalys. Ekonomisk och finansiell analys R\u00e5d i fr\u00e5gor relaterade till fastighets\u00f6verf\u00f6ringsskatt och arv och donationsskatt [&hellip;]<\/p>\n","protected":false},"author":2,"featured_media":0,"parent":7,"menu_order":3,"comment_status":"closed","ping_status":"closed","template":"","meta":{"footnotes":""},"aioseo_notices":[],"_links":{"self":[{"href":"https:\/\/ecoven.info\/se\/wp-json\/wp\/v2\/pages\/107"}],"collection":[{"href":"https:\/\/ecoven.info\/se\/wp-json\/wp\/v2\/pages"}],"about":[{"href":"https:\/\/ecoven.info\/se\/wp-json\/wp\/v2\/types\/page"}],"author":[{"embeddable":true,"href":"https:\/\/ecoven.info\/se\/wp-json\/wp\/v2\/users\/2"}],"replies":[{"embeddable":true,"href":"https:\/\/ecoven.info\/se\/wp-json\/wp\/v2\/comments?post=107"}],"version-history":[{"count":3,"href":"https:\/\/ecoven.info\/se\/wp-json\/wp\/v2\/pages\/107\/revisions"}],"predecessor-version":[{"id":727,"href":"https:\/\/ecoven.info\/se\/wp-json\/wp\/v2\/pages\/107\/revisions\/727"}],"up":[{"embeddable":true,"href":"https:\/\/ecoven.info\/se\/wp-json\/wp\/v2\/pages\/7"}],"wp:attachment":[{"href":"https:\/\/ecoven.info\/se\/wp-json\/wp\/v2\/media?parent=107"}],"curies":[{"name":"wp","href":"https:\/\/api.w.org\/{rel}","templated":true}]}}