{"id":9,"date":"2009-11-08T18:37:29","date_gmt":"2009-11-09T01:37:29","guid":{"rendered":"http:\/\/www.ecoven.info\/?page_id=9"},"modified":"2020-05-27T17:16:35","modified_gmt":"2020-05-27T17:16:35","slug":"asesoramiento-laboral","status":"publish","type":"page","link":"https:\/\/ecoven.info\/no\/servicios\/asesoramiento-laboral\/","title":{"rendered":"Asesoramiento Laboral"},"content":{"rendered":"<p>La prestaci\u00f3n de servicios que ofrece ECOVEN ECONOMISTAS supera el mero reporting al contar con una planificaci\u00f3n establecida previamente con la empresa donde se fijan las directrices y objetivos a cumplir en diferentes plazos, siendo herramienta indispensable para otros departamentos de la empresa.<\/p>\n<p>El dinamismo del \u00e1rea laboral en una empresa, as\u00ed como la constante promulgaci\u00f3n de nuevas normas hacen cada vez m\u00e1s valiosa y necesaria la participaci\u00f3n de un equipo especializado en el que el hombre de negocios pueda delegar una importante carga de trabajo y de responsabilidad.<\/p>\n<p>El compromiso que adquiere ECOVEN ECONOMISTAS con sus clientes permite que centren su atenci\u00f3n en su actividad empresarial.<\/p>\n<p>Dentro de nuestra amplia gama de servicios, elaboramos un presupuesto personalizado en donde se contrata lo que la empresa demande<strong>.<\/strong> Ofrecemos una dedicaci\u00f3n plena para que todas las obligaciones laborales queden confiadas en nosotros.<\/p>\n<p><strong>Nuestros servicios<\/strong><\/p>\n<ul>\n<li>Asesoramiento      sobre <strong>distintos tipos de contratos<\/strong>, con el <strong>seguimiento      individualizado<\/strong> de los plazos, pr\u00f3rrogas y renovaciones de los      mismos, estudiando las distintas modalidades y posibles subvenciones y      bonificaciones.<\/li>\n<li><strong>Contratos y retribuciones a directivos<\/strong><\/li>\n<li>Elaboraci\u00f3n      de <strong>n\u00f3minas y seguros sociales<\/strong>.<\/li>\n<li>Aplicaci\u00f3n      y actualizaci\u00f3n de <strong>Convenios y normas laborales<\/strong>.<\/li>\n<li>Tramitaci\u00f3n      de <strong>altas, bajas y variaciones laborales<\/strong>, <strong>en todos      los reg\u00edmenes de la Seguridad Social<\/strong><\/li>\n<li><strong>Inscripci\u00f3n<\/strong> de Empresas en la <strong>Seguridad Social<\/strong> y posteriores modificaciones (cambios      administradores, nuevos c\u00f3digos de cuentas de cotizaci\u00f3n &#8230;). Altas en <strong>aut\u00f3nomos<\/strong> y en otros reg\u00edmenes especiales.<\/li>\n<li>Declaraciones\u00a0y      presentaci\u00f3n de retenciones\u00a0<strong>IRPF<\/strong> y res\u00famenes anuales.      Certificados de retenciones y comunicaci\u00f3n de datos al pagador.<\/li>\n<li><strong>Inspecciones laborales<\/strong>: asistencia, defensa,      contestaci\u00f3n a requerimientos, liquidaciones y recursos.<\/li>\n<li>Representaci\u00f3n      en <strong>Actos de Conciliaci\u00f3n<\/strong> en el SMAC y <strong>procedimientos de despido<\/strong>.<\/li>\n<li><strong>Auditor\u00edas laborales<\/strong>. Estudios de costes de      personal. Indemnizaciones.<\/li>\n<li><strong>Otros tr\u00e1mites<\/strong>: vidas laborales,      certificados de estar al corriente de pago, tr\u00e1mites en recaudaci\u00f3n y      aplazamientos, contratos y retribuciones a directivos, presentaci\u00f3n de      ofertas de empleo, tramitaci\u00f3n de partes de accidentes<\/li>\n<\/ul>\n<p><\/p>","protected":false},"excerpt":{"rendered":"<p>La prestaci\u00f3n de servicios que ofrece ECOVEN ECONOMISTAS supera el mero reporting al contar con una planificaci\u00f3n establecida previamente con la empresa donde se fijan las directrices y objetivos a cumplir en diferentes plazos, siendo herramienta indispensable para otros departamentos de la empresa. El dinamismo del \u00e1rea laboral en una empresa, as\u00ed como la constante [&hellip;]<\/p>\n","protected":false},"author":2,"featured_media":0,"parent":7,"menu_order":2,"comment_status":"closed","ping_status":"closed","template":"","meta":{"footnotes":""},"aioseo_notices":[],"_links":{"self":[{"href":"https:\/\/ecoven.info\/no\/wp-json\/wp\/v2\/pages\/9"}],"collection":[{"href":"https:\/\/ecoven.info\/no\/wp-json\/wp\/v2\/pages"}],"about":[{"href":"https:\/\/ecoven.info\/no\/wp-json\/wp\/v2\/types\/page"}],"author":[{"embeddable":true,"href":"https:\/\/ecoven.info\/no\/wp-json\/wp\/v2\/users\/2"}],"replies":[{"embeddable":true,"href":"https:\/\/ecoven.info\/no\/wp-json\/wp\/v2\/comments?post=9"}],"version-history":[{"count":5,"href":"https:\/\/ecoven.info\/no\/wp-json\/wp\/v2\/pages\/9\/revisions"}],"predecessor-version":[{"id":751,"href":"https:\/\/ecoven.info\/no\/wp-json\/wp\/v2\/pages\/9\/revisions\/751"}],"up":[{"embeddable":true,"href":"https:\/\/ecoven.info\/no\/wp-json\/wp\/v2\/pages\/7"}],"wp:attachment":[{"href":"https:\/\/ecoven.info\/no\/wp-json\/wp\/v2\/media?parent=9"}],"curies":[{"name":"wp","href":"https:\/\/api.w.org\/{rel}","templated":true}]}}