{"id":71,"date":"2010-03-05T04:33:19","date_gmt":"2010-03-05T11:33:19","guid":{"rendered":"http:\/\/www.ecoven.info\/?page_id=71"},"modified":"2020-05-27T18:59:45","modified_gmt":"2020-05-27T18:59:45","slug":"otros-servicios","status":"publish","type":"page","link":"https:\/\/ecoven.info\/no\/servicios\/otros-servicios\/","title":{"rendered":"Otros servicios"},"content":{"rendered":"<p>ECOVEN ECONOMISTAS Y ABOGADOS imparte <strong>cursos\u00a0y conferencias<\/strong>\u00a0dirigidas a profesionales\u00a0y\u00a0 empresarios del sector interesados en materia fiscal, contable y laboral.<\/p>\n<p>Estas jornadas han tenido muy\u00a0buena acogida tanto en\u00a0Madrid como en Gran Canaria. Para m\u00e1s informaci\u00f3n acerca de las pr\u00f3ximas conferencias y de sus ponentes p\u00f3ngase en contacto con nosotros.<\/p>\n<p>&nbsp;<\/p>\n<p style=\"text-align: left;\"><a href=\"http:\/\/www.ecoven.info\/wp-content\/uploads\/2010\/03\/pablo-vega.jpg\"><img loading=\"lazy\" decoding=\"async\" class=\"alignleft size-thumbnail wp-image-458\" alt=\"pablo vega\" src=\"http:\/\/www.ecoven.info\/wp-content\/uploads\/2010\/03\/pablo-vega-150x150.jpg\" width=\"150\" height=\"150\" srcset=\"https:\/\/ecoven.info\/wp-content\/uploads\/2010\/03\/pablo-vega-150x150.jpg 150w, https:\/\/ecoven.info\/wp-content\/uploads\/2010\/03\/pablo-vega-60x60.jpg 60w\" sizes=\"(max-width: 150px) 100vw, 150px\" \/><\/a>\u00a0 \u00a0 \u00a0 \u00a0 \u00a0 \u00a0 \u00a0 \u00a0 \u00a0 \u00a0 \u00a0 \u00a0 \u00a0 \u00a0 \u00a0 \u00a0 \u00a0 \u00a0 \u00a0\u00a0<img loading=\"lazy\" decoding=\"async\" class=\"size-medium wp-image-85 alignnone\" title=\"jornadas\" alt=\"\" src=\"http:\/\/www.ecoven.info\/wp-content\/uploads\/2010\/03\/jornadas-300x211.png\" width=\"300\" height=\"211\" srcset=\"https:\/\/ecoven.info\/wp-content\/uploads\/2010\/03\/jornadas-300x211.png 300w, https:\/\/ecoven.info\/wp-content\/uploads\/2010\/03\/jornadas.png 753w\" sizes=\"(max-width: 300px) 100vw, 300px\" \/>\u00a0 \u00a0 \u00a0 \u00a0 \u00a0 \u00a0 \u00a0 \u00a0 \u00a0 \u00a0 \u00a0 \u00a0 \u00a0 \u00a0 \u00a0<a href=\"http:\/\/www.ecoven.info\/wp-content\/uploads\/2010\/03\/enrique.jpg\"><img loading=\"lazy\" decoding=\"async\" class=\"size-thumbnail wp-image-457 alignnone\" alt=\"ecoven\" src=\"http:\/\/www.ecoven.info\/wp-content\/uploads\/2010\/03\/enrique-150x150.jpg\" width=\"150\" height=\"150\" srcset=\"https:\/\/ecoven.info\/wp-content\/uploads\/2010\/03\/enrique-150x150.jpg 150w, https:\/\/ecoven.info\/wp-content\/uploads\/2010\/03\/enrique-60x60.jpg 60w\" sizes=\"(max-width: 150px) 100vw, 150px\" \/><\/a><\/p>\n<p>&nbsp;<\/p>\n<p>Conferencia Concursal 2013 \u00a0 \u00a0 \u00a0 \u00a0 \u00a0 \u00a0 \u00a0 \u00a0 \u00a0 \u00a0 \u00a0 \u00a0 \u00a0 \u00a0 \u00a0 \u00a0 \u00a0 \u00a0 \u00a0 \u00a0 \u00a0 \u00a0 \u00a0 \u00a0 \u00a0 \u00a0 \u00a0 \u00a0 \u00a0 \u00a0 \u00a0 \u00a0 \u00a0 \u00a0 \u00a0 \u00a0 \u00a0 \u00a0 \u00a0 \u00a0 \u00a0 \u00a0 \u00a0 \u00a0 \u00a0 \u00a0 \u00a0 \u00a0 \u00a0 \u00a0 \u00a0 \u00a0 \u00a0 \u00a0 \u00a0 \u00a0 \u00a0 \u00a0 \u00a0 \u00a0 \u00a0 \u00a0 \u00a0 \u00a0 \u00a0 \u00a0 \u00a0 \u00a0 \u00a0 \u00a0 \u00a0 \u00a0 \u00a0 \u00a0 \u00a0 \u00a0 \u00a0Conferencia No-Residentes 2013<\/p>\n<p>&nbsp;<\/p>","protected":false},"excerpt":{"rendered":"<p>ECOVEN ECONOMISTAS Y ABOGADOS imparte cursos\u00a0y conferencias\u00a0dirigidas a profesionales\u00a0y\u00a0 empresarios del sector interesados en materia fiscal, contable y laboral. Estas jornadas han tenido muy\u00a0buena acogida tanto en\u00a0Madrid como en Gran Canaria. Para m\u00e1s informaci\u00f3n acerca de las pr\u00f3ximas conferencias y de sus ponentes p\u00f3ngase en contacto con nosotros. &nbsp; \u00a0 \u00a0 \u00a0 \u00a0 \u00a0 \u00a0 [&hellip;]<\/p>\n","protected":false},"author":2,"featured_media":0,"parent":7,"menu_order":8,"comment_status":"closed","ping_status":"open","template":"","meta":{"footnotes":""},"aioseo_notices":[],"_links":{"self":[{"href":"https:\/\/ecoven.info\/no\/wp-json\/wp\/v2\/pages\/71"}],"collection":[{"href":"https:\/\/ecoven.info\/no\/wp-json\/wp\/v2\/pages"}],"about":[{"href":"https:\/\/ecoven.info\/no\/wp-json\/wp\/v2\/types\/page"}],"author":[{"embeddable":true,"href":"https:\/\/ecoven.info\/no\/wp-json\/wp\/v2\/users\/2"}],"replies":[{"embeddable":true,"href":"https:\/\/ecoven.info\/no\/wp-json\/wp\/v2\/comments?post=71"}],"version-history":[{"count":6,"href":"https:\/\/ecoven.info\/no\/wp-json\/wp\/v2\/pages\/71\/revisions"}],"predecessor-version":[{"id":729,"href":"https:\/\/ecoven.info\/no\/wp-json\/wp\/v2\/pages\/71\/revisions\/729"}],"up":[{"embeddable":true,"href":"https:\/\/ecoven.info\/no\/wp-json\/wp\/v2\/pages\/7"}],"wp:attachment":[{"href":"https:\/\/ecoven.info\/no\/wp-json\/wp\/v2\/media?parent=71"}],"curies":[{"name":"wp","href":"https:\/\/api.w.org\/{rel}","templated":true}]}}