{"id":56,"date":"2010-03-05T04:03:40","date_gmt":"2010-03-05T11:03:40","guid":{"rendered":"http:\/\/www.ecoven.info\/?page_id=56"},"modified":"2020-05-27T19:00:10","modified_gmt":"2020-05-27T19:00:10","slug":"seguros-2","status":"publish","type":"page","link":"https:\/\/ecoven.info\/no\/servicios\/seguros-2\/","title":{"rendered":"Seguros"},"content":{"rendered":"<p><a href=\"http:\/\/www.ecoven.info\/wp-content\/uploads\/2010\/03\/zurich1.jpg\"><\/a><a href=\"http:\/\/www.ecoven.info\/wp-content\/uploads\/2010\/03\/zurich2-e1268314912549.gif\"><strong><\/strong><\/a><strong>ECOVEN ECONOMISTAS<\/strong><\/p>\n<p>es Agencia Exclusiva de <a href=\"http:\/\/www.ecoven.info\/wp-content\/uploads\/2009\/11\/Logo_ZURICHrgb4.jpg\"><img loading=\"lazy\" decoding=\"async\" class=\"alignright size-medium wp-image-126\" title=\"Logo_ZURICHrgb\" src=\"http:\/\/www.ecoven.info\/wp-content\/uploads\/2009\/11\/Logo_ZURICHrgb4-300x183.jpg\" alt=\"\" width=\"249\" height=\"138\" \/><\/a>seguros <span style=\"color: #003366;\"><strong><span style=\"color: #000080;\">ZURICH<\/span><\/strong><\/span>.<\/p>\n<p style=\"text-align: justify;\">Ofrecemos a nuestros clientes una gama completa de productos y servicios para la prevenci\u00f3n y cobertura de sus riesgos y solucionar sus necesidades de ahorro y previsi\u00f3n personal y familiar.<\/p>\n<p style=\"text-align: justify;\">Alta calidad en el servicio a los clientes. Buscamos la calidad, tanto por razones \u00e9ticas como por el convencimiento de que un buen servicio constituye el medio m\u00e1s eficaz para conseguir la fidelizaci\u00f3n de nuestros clientes.<\/p>\n<p style=\"text-align: justify;\"><span style=\"color: #003366;\"><strong>Seguros<br \/>\n<\/strong><\/span>Ante cualquier circunstancia, ya se trate de peque\u00f1os accidentes o de grandes da\u00f1os, <span style=\"color: #003366;\">Zurich<\/span> te ofrece una amplia gama de soluciones para prevenir los imprevistos que te puedan surgir.<br \/>\n<span style=\"color: #003366;\">Zurich<\/span> mejor compa\u00f1\u00eda espa\u00f1ola en seguros de hogar seg\u00fan los consumidores<\/p>\n<p><\/p>","protected":false},"excerpt":{"rendered":"<p>ECOVEN ECONOMISTAS es Agencia Exclusiva de seguros ZURICH. Ofrecemos a nuestros clientes una gama completa de productos y servicios para la prevenci\u00f3n y cobertura de sus riesgos y solucionar sus necesidades de ahorro y previsi\u00f3n personal y familiar. Alta calidad en el servicio a los clientes. Buscamos la calidad, tanto por razones \u00e9ticas como por [&hellip;]<\/p>\n","protected":false},"author":2,"featured_media":0,"parent":7,"menu_order":6,"comment_status":"closed","ping_status":"open","template":"","meta":{"footnotes":""},"aioseo_notices":[],"_links":{"self":[{"href":"https:\/\/ecoven.info\/no\/wp-json\/wp\/v2\/pages\/56"}],"collection":[{"href":"https:\/\/ecoven.info\/no\/wp-json\/wp\/v2\/pages"}],"about":[{"href":"https:\/\/ecoven.info\/no\/wp-json\/wp\/v2\/types\/page"}],"author":[{"embeddable":true,"href":"https:\/\/ecoven.info\/no\/wp-json\/wp\/v2\/users\/2"}],"replies":[{"embeddable":true,"href":"https:\/\/ecoven.info\/no\/wp-json\/wp\/v2\/comments?post=56"}],"version-history":[{"count":3,"href":"https:\/\/ecoven.info\/no\/wp-json\/wp\/v2\/pages\/56\/revisions"}],"predecessor-version":[{"id":730,"href":"https:\/\/ecoven.info\/no\/wp-json\/wp\/v2\/pages\/56\/revisions\/730"}],"up":[{"embeddable":true,"href":"https:\/\/ecoven.info\/no\/wp-json\/wp\/v2\/pages\/7"}],"wp:attachment":[{"href":"https:\/\/ecoven.info\/no\/wp-json\/wp\/v2\/media?parent=56"}],"curies":[{"name":"wp","href":"https:\/\/api.w.org\/{rel}","templated":true}]}}