{"id":472,"date":"2013-12-10T12:46:22","date_gmt":"2013-12-10T12:46:22","guid":{"rendered":"http:\/\/www.ecoven.info\/?page_id=472"},"modified":"2019-11-04T14:53:23","modified_gmt":"2019-11-04T14:53:23","slug":"administracion-de-fincas","status":"publish","type":"page","link":"https:\/\/ecoven.info\/no\/servicios\/administracion-de-fincas\/","title":{"rendered":"Administraci\u00f3n de Fincas"},"content":{"rendered":"<p>EcoVen realiza todas las tareas que tienen que ver con la Administraci\u00f3n de Comunidades, entre otras:<\/p>\n<ul class=\"checked\">\n<li>Elaboraci\u00f3n de convocatorias.<\/li>\n<li>Elaboraci\u00f3n de boletines de representaci\u00f3n en Juntas de Propietarios.<\/li>\n<li>Presencia en la Junta de Propietarios Ordinaria.<\/li>\n<li>Redacci\u00f3n y comunicaci\u00f3n de actas.<\/li>\n<li>Tramitaci\u00f3n de subvenciones para la comunidad.<\/li>\n<li>Confirmaci\u00f3n de la existencia del seguro de incendios o multirriesgo por parte de los comuneros.<\/li>\n<li>Representaci\u00f3n de la Comunidad ante las autoridades administrativas.<\/li>\n<li>Elaboraci\u00f3n de los Estatutos de la comunidad y Reglamento de R\u00e9gimen Interior.<\/li>\n<li>Pago de los gastos de la comunidad<\/li>\n<\/ul>\n<p><\/p>","protected":false},"excerpt":{"rendered":"<p>EcoVen realiza todas las tareas que tienen que ver con la Administraci\u00f3n de Comunidades, entre otras: Elaboraci\u00f3n de convocatorias. Elaboraci\u00f3n de boletines de representaci\u00f3n en Juntas de Propietarios. Presencia en la Junta de Propietarios Ordinaria. Redacci\u00f3n y comunicaci\u00f3n de actas. Tramitaci\u00f3n de subvenciones para la comunidad. Confirmaci\u00f3n de la existencia del seguro de incendios o [&hellip;]<\/p>\n","protected":false},"author":2,"featured_media":0,"parent":7,"menu_order":5,"comment_status":"open","ping_status":"open","template":"","meta":{"footnotes":""},"aioseo_notices":[],"_links":{"self":[{"href":"https:\/\/ecoven.info\/no\/wp-json\/wp\/v2\/pages\/472"}],"collection":[{"href":"https:\/\/ecoven.info\/no\/wp-json\/wp\/v2\/pages"}],"about":[{"href":"https:\/\/ecoven.info\/no\/wp-json\/wp\/v2\/types\/page"}],"author":[{"embeddable":true,"href":"https:\/\/ecoven.info\/no\/wp-json\/wp\/v2\/users\/2"}],"replies":[{"embeddable":true,"href":"https:\/\/ecoven.info\/no\/wp-json\/wp\/v2\/comments?post=472"}],"version-history":[{"count":4,"href":"https:\/\/ecoven.info\/no\/wp-json\/wp\/v2\/pages\/472\/revisions"}],"predecessor-version":[{"id":747,"href":"https:\/\/ecoven.info\/no\/wp-json\/wp\/v2\/pages\/472\/revisions\/747"}],"up":[{"embeddable":true,"href":"https:\/\/ecoven.info\/no\/wp-json\/wp\/v2\/pages\/7"}],"wp:attachment":[{"href":"https:\/\/ecoven.info\/no\/wp-json\/wp\/v2\/media?parent=472"}],"curies":[{"name":"wp","href":"https:\/\/api.w.org\/{rel}","templated":true}]}}