{"id":30,"date":"2009-11-09T00:39:30","date_gmt":"2009-11-09T07:39:30","guid":{"rendered":"http:\/\/www.ecoven.info\/?page_id=30"},"modified":"2020-05-27T19:05:10","modified_gmt":"2020-05-27T19:05:10","slug":"contactar","status":"publish","type":"page","link":"https:\/\/ecoven.info\/no\/contactar\/","title":{"rendered":"Kontakt"},"content":{"rendered":"<p><small>Seg\u00fan lo dispuesto en la Ley Org\u00e1nica 15\/1999 de 13 de diciembre de Protecci\u00f3n de Datos de Car\u00e1cter personal y el Real Decreto 1720\/2007 por el que se aprueba su Reglamento, le informamos que los datos proporcionados podr\u00e1n ser incluidos en los ficheros de ECOVEN ECONOMISTAS Y ABOGADOS, S.L. con la finalidad de mantener las comunicaciones con usted.<\/small><\/p>\n<p><small>Podr\u00e1 ejercer sus derechos de acceder, rectificar, cancelar y\/u oponerse al tratamiento de sus datos remitiendo su petici\u00f3n, junto con copia de su documento de identidad, a la direcci\u00f3n calle Jos\u00e9 Clavijo y Fajardo, 8, 35120, Arguinegu\u00edn, Mog\u00e1n, Las Palmas, Espa\u00f1a<\/small><\/p>\n<p><small>Al proceder al env\u00edo del mensaje, usted consiente sus datos sean tratados con ECOVEN ECONOMISTAS Y ABOGADOS, S.L. con la finalidad de mantener comunicaci\u00f3n con usted.<\/small><\/p>","protected":false},"excerpt":{"rendered":"<p>Seg\u00fan lo dispuesto en la Ley Org\u00e1nica 15\/1999 de 13 de diciembre de Protecci\u00f3n de Datos de Car\u00e1cter personal y el Real Decreto 1720\/2007 por el que se aprueba su Reglamento, le informamos que los datos proporcionados podr\u00e1n ser incluidos en los ficheros de ECOVEN ECONOMISTAS Y ABOGADOS, S.L. con la finalidad de mantener las [&hellip;]<\/p>\n","protected":false},"author":2,"featured_media":0,"parent":0,"menu_order":5,"comment_status":"closed","ping_status":"open","template":"contact.php","meta":{"footnotes":""},"aioseo_notices":[],"_links":{"self":[{"href":"https:\/\/ecoven.info\/no\/wp-json\/wp\/v2\/pages\/30"}],"collection":[{"href":"https:\/\/ecoven.info\/no\/wp-json\/wp\/v2\/pages"}],"about":[{"href":"https:\/\/ecoven.info\/no\/wp-json\/wp\/v2\/types\/page"}],"author":[{"embeddable":true,"href":"https:\/\/ecoven.info\/no\/wp-json\/wp\/v2\/users\/2"}],"replies":[{"embeddable":true,"href":"https:\/\/ecoven.info\/no\/wp-json\/wp\/v2\/comments?post=30"}],"version-history":[{"count":8,"href":"https:\/\/ecoven.info\/no\/wp-json\/wp\/v2\/pages\/30\/revisions"}],"predecessor-version":[{"id":732,"href":"https:\/\/ecoven.info\/no\/wp-json\/wp\/v2\/pages\/30\/revisions\/732"}],"wp:attachment":[{"href":"https:\/\/ecoven.info\/no\/wp-json\/wp\/v2\/media?parent=30"}],"curies":[{"name":"wp","href":"https:\/\/api.w.org\/{rel}","templated":true}]}}