{"id":25,"date":"2009-11-08T19:45:30","date_gmt":"2009-11-09T02:45:30","guid":{"rendered":"http:\/\/www.ecoven.info\/?page_id=25"},"modified":"2020-05-27T19:05:10","modified_gmt":"2020-05-27T19:05:10","slug":"donde-estamos","status":"publish","type":"page","link":"https:\/\/ecoven.info\/no\/donde-estamos\/","title":{"rendered":"Avdelinger"},"content":{"rendered":"<p><img loading=\"lazy\" decoding=\"async\" src=\"http:\/\/www.ecoven.info\/wp-content\/uploads\/2009\/11\/oficina-300x201.jpg\" alt=\"oficina\" width=\"300\" height=\"201\" class=\"alignnone size-medium wp-image-534\" srcset=\"https:\/\/ecoven.info\/wp-content\/uploads\/2009\/11\/oficina-300x201.jpg 300w, https:\/\/ecoven.info\/wp-content\/uploads\/2009\/11\/oficina.jpg 1024w\" sizes=\"(max-width: 300px) 100vw, 300px\" \/><\/p>\n<p><strong>GRAN CANARIA &#8211; PLAYA DEL INGL\u00c9S<\/strong><\/p>\n<p>Avenida de Tirajana, 39<br \/>\nEdificio Mercurio Torre 2, 7E<br \/>\n35100 Playa del Ingl\u00e9s.<\/p>\n<p><img loading=\"lazy\" decoding=\"async\" class=\"alignnone size-medium wp-image-387\" src=\"http:\/\/www.ecoven.info\/wp-content\/uploads\/2009\/11\/ECOVEN-SUR-300x224.jpg\" alt=\"ECOVEN SUR\" width=\"300\" height=\"224\" srcset=\"https:\/\/ecoven.info\/wp-content\/uploads\/2009\/11\/ECOVEN-SUR-300x224.jpg 300w, https:\/\/ecoven.info\/wp-content\/uploads\/2009\/11\/ECOVEN-SUR-1024x764.jpg 1024w\" sizes=\"(max-width: 300px) 100vw, 300px\" \/><\/p>\n<p><strong>GRAN CANARIA &#8211; ARGUINEGU\u00cdN<\/strong><\/p>\n<p>c\/ Jos\u00e9 Clavijo y Fajardo 8.<br \/>\n35120 Arguinegu\u00edn.<\/p>\n<p>Tel\u00e9fono: 928 152882 &#8211; 651571180.\u00a0 Fax: 928764079<\/p>\n<p><img loading=\"lazy\" decoding=\"async\" class=\"size-medium wp-image-388 alignleft\" src=\"http:\/\/www.ecoven.info\/wp-content\/uploads\/2009\/11\/ECOVEN-LAS-PALMAS-300x224.jpg\" alt=\"ECOVEN LAS PALMAS\" width=\"300\" height=\"224\" srcset=\"https:\/\/ecoven.info\/wp-content\/uploads\/2009\/11\/ECOVEN-LAS-PALMAS-300x224.jpg 300w, https:\/\/ecoven.info\/wp-content\/uploads\/2009\/11\/ECOVEN-LAS-PALMAS-1024x764.jpg 1024w\" sizes=\"(max-width: 300px) 100vw, 300px\" \/><br \/>\n<\/p>","protected":false},"excerpt":{"rendered":"<p>GRAN CANARIA &#8211; PLAYA DEL INGL\u00c9S Avenida de Tirajana, 39 Edificio Mercurio Torre 2, 7E 35100 Playa del Ingl\u00e9s. GRAN CANARIA &#8211; ARGUINEGU\u00cdN c\/ Jos\u00e9 Clavijo y Fajardo 8. 35120 Arguinegu\u00edn. Tel\u00e9fono: 928 152882 &#8211; 651571180.\u00a0 Fax: 928764079<\/p>\n","protected":false},"author":2,"featured_media":0,"parent":0,"menu_order":4,"comment_status":"closed","ping_status":"closed","template":"","meta":{"footnotes":""},"aioseo_notices":[],"_links":{"self":[{"href":"https:\/\/ecoven.info\/no\/wp-json\/wp\/v2\/pages\/25"}],"collection":[{"href":"https:\/\/ecoven.info\/no\/wp-json\/wp\/v2\/pages"}],"about":[{"href":"https:\/\/ecoven.info\/no\/wp-json\/wp\/v2\/types\/page"}],"author":[{"embeddable":true,"href":"https:\/\/ecoven.info\/no\/wp-json\/wp\/v2\/users\/2"}],"replies":[{"embeddable":true,"href":"https:\/\/ecoven.info\/no\/wp-json\/wp\/v2\/comments?post=25"}],"version-history":[{"count":18,"href":"https:\/\/ecoven.info\/no\/wp-json\/wp\/v2\/pages\/25\/revisions"}],"predecessor-version":[{"id":761,"href":"https:\/\/ecoven.info\/no\/wp-json\/wp\/v2\/pages\/25\/revisions\/761"}],"wp:attachment":[{"href":"https:\/\/ecoven.info\/no\/wp-json\/wp\/v2\/media?parent=25"}],"curies":[{"name":"wp","href":"https:\/\/api.w.org\/{rel}","templated":true}]}}