{"id":15,"date":"2009-11-08T18:41:13","date_gmt":"2009-11-09T01:41:13","guid":{"rendered":"http:\/\/www.ecoven.info\/?page_id=15"},"modified":"2019-11-04T13:36:10","modified_gmt":"2019-11-04T13:36:10","slug":"concurso-de-acreedores","status":"publish","type":"page","link":"https:\/\/ecoven.info\/no\/servicios\/concurso-de-acreedores\/","title":{"rendered":"Concurso de Acreedores"},"content":{"rendered":"<p>Nuestro equipo est\u00e1 especializado en el \u00e1rea del Derecho Concursal y, m\u00e1s concretamente, a los procedimientos de insolvencia derivados de las crisis empresariales, es decir, el <strong>concurso de acreedores<\/strong> (la antigua ley de suspensi\u00f3n de pagos y quiebra).\u00a0<\/p>\n<p>Los asesores de <span style=\"color: #800000;\">Ecoven Economistas\u00a0<\/span>trabajamos para ayudar a nuestros clientes a superar situaciones econ\u00f3micas dif\u00edciles, tanto en aquellas que sea necesario interponer un concurso como en la prevenci\u00f3n de situaciones econ\u00f3micas\u00a0futuras.<\/p>\n<p>Estamos especializados en concursos de acreedores de personas f\u00edsicas y jur\u00eddicas. Nuestra larga experiencia nos avala,\u00a0habiendo sido administradores concursales de grandes y conocidas empresas tanto a nivel regional como nacional.\u00a0<\/p>\n<p><span style=\"color: #800000;\">ECOVEN ECONOMISTAS<\/span> asesora a empresas en situaci\u00f3n de insolvencia y crisis empresarial.<\/p>\n<ul>\n<li>Asesoramiento preconsursal, preparaci\u00f3n de documentaci\u00f3n contable y societaria, verificaci\u00f3n de cumplimiento de requisitos legales, negociaci\u00f3n previa con acreedores y convenios extraconcursales.<\/li>\n<li>Preparaci\u00f3n de solicitud de declaraci\u00f3n de concurso voluntario y asistencia letrada en todas las fases de su tramitaci\u00f3n.<\/li>\n<li>Defensa del deudor en solicitudes de concurso necesario.<\/li>\n<li>Concurso de acreedores de personas f\u00edsicas ante situaciones de insolvencia familiar.<\/li>\n<\/ul>\n<p>\u00a0<\/p>\n<p>En representaci\u00f3n del Acreedor, evaluamos la situaci\u00f3n del deudor previa a la solicitud de concurso, y llevamos a cabo las actuaciones necesarias para obtener la mejor defensa posible de los intereses de nuestro cliente y el cobro de su cr\u00e9dito.<\/p>\n<ul>\n<li>PRESENTACI\u00d3N DE SU CR\u00c9DITO A LA ADMINSTRACI\u00d3N <a href=\"http:\/\/www.ecoven.info\/wp-content\/uploads\/2009\/11\/Concurso-acreedores.jpg\"><img loading=\"lazy\" decoding=\"async\" class=\"alignright size-thumbnail wp-image-105\" title=\"Concurso acreedores\" src=\"http:\/\/www.ecoven.info\/wp-content\/uploads\/2009\/11\/Concurso-acreedores-150x150.jpg\" alt=\"\" width=\"150\" height=\"150\" srcset=\"https:\/\/ecoven.info\/wp-content\/uploads\/2009\/11\/Concurso-acreedores-150x150.jpg 150w, https:\/\/ecoven.info\/wp-content\/uploads\/2009\/11\/Concurso-acreedores-60x60.jpg 60w\" sizes=\"(max-width: 150px) 100vw, 150px\" \/><\/a>CONCURSAL:\n<ul>\n<li>Examen y estudio de los autos concursales<\/li>\n<li>Comprobar la calificaci\u00f3n del cr\u00e9dito,<\/li>\n<li>Verificar el cr\u00e9dito declarado por el deudor,<\/li>\n<li>Presentar la documentaci\u00f3n necesaria a la adminstraci\u00f3n concursal para la correcta calificaci\u00f3n dentro del concurso de acreedores.<a href=\"http:\/\/www.ecoven.info\/wp-content\/uploads\/2009\/11\/Concurso-acreedores.jpg\"><\/a><\/li>\n<\/ul>\n<\/li>\n<\/ul>\n<p><a href=\"http:\/\/www.ecoven.info\/wp-content\/uploads\/2009\/11\/Concurso-acreedores.jpg\"><\/a><\/p>","protected":false},"excerpt":{"rendered":"<p>Nuestro equipo est\u00e1 especializado en el \u00e1rea del Derecho Concursal y, m\u00e1s concretamente, a los procedimientos de insolvencia derivados de las crisis empresariales, es decir, el concurso de acreedores (la antigua ley de suspensi\u00f3n de pagos y quiebra).\u00a0 Los asesores de Ecoven Economistas\u00a0trabajamos para ayudar a nuestros clientes a superar situaciones econ\u00f3micas dif\u00edciles, tanto en [&hellip;]<\/p>\n","protected":false},"author":2,"featured_media":0,"parent":7,"menu_order":4,"comment_status":"closed","ping_status":"closed","template":"","meta":{"footnotes":""},"aioseo_notices":[],"_links":{"self":[{"href":"https:\/\/ecoven.info\/no\/wp-json\/wp\/v2\/pages\/15"}],"collection":[{"href":"https:\/\/ecoven.info\/no\/wp-json\/wp\/v2\/pages"}],"about":[{"href":"https:\/\/ecoven.info\/no\/wp-json\/wp\/v2\/types\/page"}],"author":[{"embeddable":true,"href":"https:\/\/ecoven.info\/no\/wp-json\/wp\/v2\/users\/2"}],"replies":[{"embeddable":true,"href":"https:\/\/ecoven.info\/no\/wp-json\/wp\/v2\/comments?post=15"}],"version-history":[{"count":3,"href":"https:\/\/ecoven.info\/no\/wp-json\/wp\/v2\/pages\/15\/revisions"}],"predecessor-version":[{"id":728,"href":"https:\/\/ecoven.info\/no\/wp-json\/wp\/v2\/pages\/15\/revisions\/728"}],"up":[{"embeddable":true,"href":"https:\/\/ecoven.info\/no\/wp-json\/wp\/v2\/pages\/7"}],"wp:attachment":[{"href":"https:\/\/ecoven.info\/no\/wp-json\/wp\/v2\/media?parent=15"}],"curies":[{"name":"wp","href":"https:\/\/api.w.org\/{rel}","templated":true}]}}