{"id":12,"date":"2009-11-08T18:39:10","date_gmt":"2009-11-09T01:39:10","guid":{"rendered":"http:\/\/www.ecoven.info\/?page_id=12"},"modified":"2019-11-04T13:24:50","modified_gmt":"2019-11-04T13:24:50","slug":"asesoramiento-contable","status":"publish","type":"page","link":"https:\/\/ecoven.info\/no\/servicios\/asesoramiento-contable\/","title":{"rendered":"Asesoramiento Contable"},"content":{"rendered":"<p><\/p>\n<p style=\"text-align: justify;\">Realizamos auditor\u00edas empresariales con base legal y voluntaria en sectores muy diversos. En nuestro caso, la auditor\u00eda implica tambi\u00e9n un servicio de asesoramiento. De este modo, con los conocimientos obtenidos, elaboramos tambi\u00e9n recomendaciones de actuaci\u00f3n estrat\u00e9gicas y propuestas de mejora. La alta calidad que caracteriza a nuestras auditor\u00edas y servicios de asesoramiento\u00a0se debe a los conocimientos especializados que poseemos, a la fiabilidad de nuestros auditores y a su extensa experiencia.\u00a0La certificaci\u00f3n otorgada por un control de calidad externo prescrito por ley corrobora estos valores.<\/p>\n<p style=\"text-align: justify;\"><strong>Nuestros servicios<\/strong><\/p>\n<ul>\n<li>Auditor\u00edas legales y voluntarias de cierres anuales y de cuentas consolidadas de las empresas<\/li>\n<li>Auditor\u00edas de control de calidad<\/li>\n<li>Auditor\u00edas especiales<\/li>\n<li>An\u00e1lisis de cr\u00e9dito<\/li>\n<li>Auditor\u00edas conforme al reglamento de agentes y promotores inmobiliarios<\/li>\n<li>Auditor\u00edas de asignaci\u00f3n de recursos<\/li>\n<li>Auditor\u00edas de aumentos de capital y aportaciones en especie<\/li>\n<li>Verificaciones<\/li>\n<li>Auditor\u00edas de transformaci\u00f3n y fusi\u00f3n<\/li>\n<li>Valoraciones empresariales<\/li>\n<\/ul>\n<p><\/p>","protected":false},"excerpt":{"rendered":"<p>Realizamos auditor\u00edas empresariales con base legal y voluntaria en sectores muy diversos. En nuestro caso, la auditor\u00eda implica tambi\u00e9n un servicio de asesoramiento. De este modo, con los conocimientos obtenidos, elaboramos tambi\u00e9n recomendaciones de actuaci\u00f3n estrat\u00e9gicas y propuestas de mejora. La alta calidad que caracteriza a nuestras auditor\u00edas y servicios de asesoramiento\u00a0se debe a los [&hellip;]<\/p>\n","protected":false},"author":2,"featured_media":0,"parent":7,"menu_order":1,"comment_status":"closed","ping_status":"closed","template":"","meta":{"footnotes":""},"aioseo_notices":[],"_links":{"self":[{"href":"https:\/\/ecoven.info\/no\/wp-json\/wp\/v2\/pages\/12"}],"collection":[{"href":"https:\/\/ecoven.info\/no\/wp-json\/wp\/v2\/pages"}],"about":[{"href":"https:\/\/ecoven.info\/no\/wp-json\/wp\/v2\/types\/page"}],"author":[{"embeddable":true,"href":"https:\/\/ecoven.info\/no\/wp-json\/wp\/v2\/users\/2"}],"replies":[{"embeddable":true,"href":"https:\/\/ecoven.info\/no\/wp-json\/wp\/v2\/comments?post=12"}],"version-history":[{"count":4,"href":"https:\/\/ecoven.info\/no\/wp-json\/wp\/v2\/pages\/12\/revisions"}],"predecessor-version":[{"id":725,"href":"https:\/\/ecoven.info\/no\/wp-json\/wp\/v2\/pages\/12\/revisions\/725"}],"up":[{"embeddable":true,"href":"https:\/\/ecoven.info\/no\/wp-json\/wp\/v2\/pages\/7"}],"wp:attachment":[{"href":"https:\/\/ecoven.info\/no\/wp-json\/wp\/v2\/media?parent=12"}],"curies":[{"name":"wp","href":"https:\/\/api.w.org\/{rel}","templated":true}]}}