{"id":107,"date":"2009-11-08T18:34:02","date_gmt":"2009-11-09T01:34:02","guid":{"rendered":"http:\/\/www.ecoven.info\/?page_id=5"},"modified":"2019-11-04T13:32:47","modified_gmt":"2019-11-04T13:32:47","slug":"asesoramiento-tributario","status":"publish","type":"page","link":"https:\/\/ecoven.info\/no\/servicios\/asesoramiento-tributario\/","title":{"rendered":"Asesoramiento Tributario"},"content":{"rendered":"<p>El entorno fiscal se encuentra en continua transformaci\u00f3n, lo que requiere una planificaci\u00f3n y un an\u00e1lisis detallados de las aplicaciones y adaptaciones.<a href=\"http:\/\/www.ecoven.info\/wp-content\/uploads\/2009\/11\/estudio-fiscal.jpg\"><img loading=\"lazy\" decoding=\"async\" class=\"alignright size-medium wp-image-102\" title=\"estudio fiscal\" src=\"http:\/\/www.ecoven.info\/wp-content\/uploads\/2009\/11\/estudio-fiscal-300x148.jpg\" alt=\"\" width=\"264\" height=\"138\" \/><\/a> En este sentido, consideramos todos los aspectos actuales de la fiscalidad y la econom\u00eda. Cubrimos toda la gama de prestaciones en materia de asesoramiento.<\/p>\n<p><strong>\u00a0<\/strong><\/p>\n<p><strong>Nuestros servicios<\/strong><\/p>\n<ul>\n<li>Declaraciones fiscales de particulares<\/li>\n<li>Declaraciones fiscales de empresas<\/li>\n<li>An\u00e1lisis de Balances. An\u00e1lisis econ\u00f3micos y financieros<\/li>\n<li>Asesoramiento en asuntos relacionados con el Impuesto de Transmisiones Patrimoniales y el impuesto sobre Sucesiones y Donaciones<\/li>\n<li>Ordenamiento de la sucesi\u00f3n empresarial y asesoramiento en la creaci\u00f3n o venta de empresas<\/li>\n<li>Representaci\u00f3n legal ante tribunales fiscales<\/li>\n<li>Servicio de auditor\u00eda fiscal para empresas<\/li>\n<li>Estudio para la inscripci\u00f3n de empresas en la Zona Especial Canaria<\/li>\n<\/ul>\n<p><\/p>","protected":false},"excerpt":{"rendered":"<p>El entorno fiscal se encuentra en continua transformaci\u00f3n, lo que requiere una planificaci\u00f3n y un an\u00e1lisis detallados de las aplicaciones y adaptaciones. En este sentido, consideramos todos los aspectos actuales de la fiscalidad y la econom\u00eda. Cubrimos toda la gama de prestaciones en materia de asesoramiento. \u00a0 Nuestros servicios Declaraciones fiscales de particulares Declaraciones fiscales [&hellip;]<\/p>\n","protected":false},"author":2,"featured_media":0,"parent":7,"menu_order":3,"comment_status":"closed","ping_status":"closed","template":"","meta":{"footnotes":""},"aioseo_notices":[],"_links":{"self":[{"href":"https:\/\/ecoven.info\/no\/wp-json\/wp\/v2\/pages\/107"}],"collection":[{"href":"https:\/\/ecoven.info\/no\/wp-json\/wp\/v2\/pages"}],"about":[{"href":"https:\/\/ecoven.info\/no\/wp-json\/wp\/v2\/types\/page"}],"author":[{"embeddable":true,"href":"https:\/\/ecoven.info\/no\/wp-json\/wp\/v2\/users\/2"}],"replies":[{"embeddable":true,"href":"https:\/\/ecoven.info\/no\/wp-json\/wp\/v2\/comments?post=107"}],"version-history":[{"count":3,"href":"https:\/\/ecoven.info\/no\/wp-json\/wp\/v2\/pages\/107\/revisions"}],"predecessor-version":[{"id":727,"href":"https:\/\/ecoven.info\/no\/wp-json\/wp\/v2\/pages\/107\/revisions\/727"}],"up":[{"embeddable":true,"href":"https:\/\/ecoven.info\/no\/wp-json\/wp\/v2\/pages\/7"}],"wp:attachment":[{"href":"https:\/\/ecoven.info\/no\/wp-json\/wp\/v2\/media?parent=107"}],"curies":[{"name":"wp","href":"https:\/\/api.w.org\/{rel}","templated":true}]}}