{"id":30,"date":"2009-11-09T00:39:30","date_gmt":"2009-11-09T07:39:30","guid":{"rendered":"http:\/\/www.ecoven.info\/?page_id=30"},"modified":"2020-05-27T19:05:10","modified_gmt":"2020-05-27T19:05:10","slug":"contactar","status":"publish","type":"page","link":"https:\/\/ecoven.info\/en\/contactar\/","title":{"rendered":"Contact"},"content":{"rendered":"<p><small>According to the provisions of Organic Law 15\/1999 of December 13 on the Protection of Personal Data and Royal Decree 1720\/2007 by which its Regulations are approved, we inform you that the data provided may be included in the ECOVEN files ECONOMISTAS Y ABOGADOS, SL in order to maintain communications with you.<\/small><\/p>\n<p><small>You can exercise your rights to access, rectify, cancel and\/or oppose the processing of your data by sending your request, together with a copy of your identity document, to the address Jos\u00e9 Clavijo y Fajardo, 8, 35120, Arguinegu\u00edn, Mog\u00e1n, Las Palmas, Spain<\/small><\/p>\n<p><small>By sending the message, you consent to your data being treated with ECOVEN ECONOMISTAS Y ABOGADOS, S.L. in order to maintain communication with you.<\/small><\/p>","protected":false},"excerpt":{"rendered":"<p>According to the provisions of Organic Law 15\/1999 of December 13 on the Protection of Personal Data and Royal Decree 1720\/2007 by which its Regulations are approved, we inform you that the data provided may be included in the ECOVEN files ECONOMISTAS Y ABOGADOS, SL in order to maintain communications with you. You can exercise [&hellip;]<\/p>\n","protected":false},"author":2,"featured_media":0,"parent":0,"menu_order":5,"comment_status":"closed","ping_status":"open","template":"contact.php","meta":{"footnotes":""},"aioseo_notices":[],"_links":{"self":[{"href":"https:\/\/ecoven.info\/en\/wp-json\/wp\/v2\/pages\/30"}],"collection":[{"href":"https:\/\/ecoven.info\/en\/wp-json\/wp\/v2\/pages"}],"about":[{"href":"https:\/\/ecoven.info\/en\/wp-json\/wp\/v2\/types\/page"}],"author":[{"embeddable":true,"href":"https:\/\/ecoven.info\/en\/wp-json\/wp\/v2\/users\/2"}],"replies":[{"embeddable":true,"href":"https:\/\/ecoven.info\/en\/wp-json\/wp\/v2\/comments?post=30"}],"version-history":[{"count":8,"href":"https:\/\/ecoven.info\/en\/wp-json\/wp\/v2\/pages\/30\/revisions"}],"predecessor-version":[{"id":732,"href":"https:\/\/ecoven.info\/en\/wp-json\/wp\/v2\/pages\/30\/revisions\/732"}],"wp:attachment":[{"href":"https:\/\/ecoven.info\/en\/wp-json\/wp\/v2\/media?parent=30"}],"curies":[{"name":"wp","href":"https:\/\/api.w.org\/{rel}","templated":true}]}}